{"id":7,"date":"2021-05-31T07:14:23","date_gmt":"2021-05-31T07:14:23","guid":{"rendered":"https:\/\/tidtilyoga.laol.dk\/?page_id=7"},"modified":"2023-04-14T12:55:30","modified_gmt":"2023-04-14T12:55:30","slug":"yoga-i-broenshoej","status":"publish","type":"page","link":"https:\/\/tidtilyoga.laol.dk\/","title":{"rendered":"Tag dig Tid til Yoga"},"content":{"rendered":"\n<p class=\"has-black-color has-text-color has-medium-font-size\">Velkommen til yoga i Br\u00f8nsh\u00f8j, Bellah\u00f8j, R\u00f8dovre og N\u00f8rrebro. Jeg underviser i Hatha Yoga \u2013  yoga med fokus p\u00e5 de klassiske yogastillinger og \u00e5ndedr\u00e6ttet. Yogaprogrammerne er forskellige fra gang til gang og indeholder b\u00e5de dynamiske \u00f8velser og statiske stillinger, str\u00e6k og styrke. Jeg tilpasser min undervisning til dem, der er p\u00e5 holdene. Dvs. m\u00e5let er ikke n\u00f8dvendigvis at komme ind i de f\u00e6rdige stillinger, men at f\u00e5 yogaens gode virkninger uanset smidighed, styrke, skavanker osv. Det er ikke dig, der skal v\u00e6re god til  yoga &#8211; yoga skal v\u00e6re godt for dig og din krop. <\/p>\n\n\n\n<h2 class=\"wp-block-heading has-text-align-center\">&#8212;<\/h2>\n\n\n\n<p class=\"has-black-color has-text-color has-medium-font-size\"><strong>HOLD<\/strong><\/p>\n\n\n\n<p class=\"has-black-color has-text-color has-medium-font-size\"><strong>Br\u00f8nsh\u00f8j<\/strong><\/p>\n\n\n\n<p class=\"has-black-color has-text-color has-medium-font-size\">Mandag kl. 17-18.30: Yoga for kvinder <em><a href=\"https:\/\/tidtilyoga.dk\/?page_id=2\" data-type=\"page\">l\u00e6s mere her<\/a> <\/em><\/p>\n\n\n\n<p class=\"has-black-color has-text-color has-medium-font-size\">Mandag kl. 19-20.30: Yoga for m\u00e6nd <em><a href=\"https:\/\/tidtilyoga.dk\/?page_id=2\">l\u00e6s mere her<\/a><\/em><\/p>\n\n\n\n<p class=\"has-black-color has-text-color has-medium-font-size\"><br><strong>N\u00f8rrebro<\/strong><\/p>\n\n\n\n<p class=\"has-black-color has-text-color has-medium-font-size\">Onsdag kl. 8.30-9.30: KirkeYoga i Brorsons Kirke <em><a href=\"https:\/\/tidtilyoga.dk\/?page_id=57\" data-type=\"page\">l\u00e6s mere her<\/a><\/em><\/p>\n\n\n\n<p class=\"has-black-color has-text-color has-medium-font-size\"><br><strong>R\u00f8dovre<\/strong><\/p>\n\n\n\n<p class=\"has-black-color has-text-color has-medium-font-size\">Onsdag kl. 10.50-12.20: Yoga for alle via AOF R\u00f8dovre <em><a rel=\"noreferrer noopener\" href=\"http:\/\/l\u00e6s mere her\" target=\"_blank\"><\/a><em><a href=\"https:\/\/aof.dk\/kurser\/motion-og-bevaegelse\/yoga-og-meditation\/aof-rodovre-afd-20\/7222204738\/hatha-yoga\/29891\/\" target=\"_blank\" rel=\"noreferrer noopener\">l\u00e6s mere her<\/a><\/em><\/em><\/p>\n\n\n\n<p class=\"has-black-color has-text-color has-medium-font-size\">Onsdag kl. 12.30-14: Yoga for alle via AOF R\u00f8dovre<a href=\"https:\/\/aof.dk\/kurser\/motion-og-bevaegelse\/yoga-og-meditation\/aof-rodovre-afd-20\/7222204739\/hatha-yoga\/29892\/\" target=\"_blank\" rel=\"noreferrer noopener\"> <em>l\u00e6s mere her<\/em><\/a><\/p>\n\n\n\n<p class=\"has-black-color has-text-color has-medium-font-size\"><br><strong>Bellah\u00f8j<\/strong><\/p>\n\n\n\n<p class=\"has-black-color has-text-color has-medium-font-size\">Torsdag kl. 8.30-9.30: KirkeYoga i Bellah\u00f8j Kirke <em><a href=\"https:\/\/tidtilyoga.dk\/?page_id=57\">l\u00e6s mere her<\/a><\/em><\/p>\n\n\n\n<p class=\"has-black-color has-text-color has-medium-font-size\">Torsdag kl. 10-11: KirkeYoga i Bellah\u00f8j Kirke  <em><a href=\"https:\/\/tidtilyoga.dk\/?page_id=57\">l\u00e6s mere her<\/a><\/em><\/p>\n\n\n\n<p class=\"has-black-color has-text-color has-medium-font-size\">Fredag: kl. 8.30-9.30: KirkeYoga i Bellah\u00f8j Kirke <em><a href=\"https:\/\/tidtilyoga.laol.dk\/?page_id=57\">l\u00e6s mere her<\/a><\/em><\/p>\n\n\n\n<p class=\"has-text-align-center\">&#8212;<\/p>\n\n\n\n<p class=\"has-text-align-center has-black-color has-text-color has-medium-font-size\" id=\"block-b5db0dce-3e55-451b-a6ed-d1325794e679\"><em>Den tid du bruger p\u00e5 yoga, kan du opleve som&nbsp;<strong>tid, der kommer igen.<\/strong>&nbsp;I&nbsp;form af mere&nbsp;<strong>n\u00e6rv\u00e6r, ro og overskud<\/strong>&nbsp;til dagen, jobbet, ungerne, dig selv.&nbsp;Yoga er godt for krop og sind. Stillingerne og \u00e5ndedr\u00e6ts\u00f8velserne giver en&nbsp;<strong>st\u00e6rkere og mere smidig krop<\/strong>&nbsp;og samtidig ogs\u00e5 en&nbsp;<strong>god mental balance<\/strong>.&nbsp; Yoga er for alle \u2013 og&nbsp;<strong>alle kan have gavn af yoga<\/strong>, is\u00e6r hvis man er stiv, \u00f8m i nakke og skuldre og m\u00e5ske f\u00f8ler sig lidt stresset. Du skal ikke v\u00e6re god til yoga, men i stedet skal du<strong>&nbsp;lade yoga v\u00e6re godt for dig<\/strong>.&nbsp;S\u00e5 l\u00e6g dig p\u00e5 m\u00e5tten, luk \u00f8jnene og m\u00e6rk yogaen i krop og sind.&nbsp;<strong>Tag tiden til at g\u00e5 til yoga<\/strong>. Det er tid givet godt ud.<\/em><\/p>\n\n\n\n<p class=\"has-text-align-center has-medium-font-size\"><\/p>\n\n\n\n<p class=\"has-text-align-center\">&#8212;<\/p>\n\n\n\n<p class=\"has-black-color has-text-color has-medium-font-size\"><strong>OM MIG<\/strong><br>Jeg er uddannet yogal\u00e6rer i 2018 ved&nbsp;<a href=\"https:\/\/www.dansk-yoga.dk\/\">Dansk Yoga<\/a>&nbsp;og har undervist lige siden. Uddannelsen er en af de mest grundige i Danmark \u2013 det er en 2-\u00e5rig uddannelse med over 850 timers undervisning og fokus p\u00e5 yoga, anatomi og \u00e5ndedr\u00e6ttet. Jeg er uddannet til at tage hensyn til de skavanker, der kan v\u00e6re i vores kroppe, s\u00e5dan at yogaen bliver god for dig.<\/p>\n\n\n\n<p class=\"has-black-color has-text-color has-medium-font-size\">Det er nemlig d\u00e9t, det hele handler om: <strong>at lade yogaen v\u00e6re god for dig, og ikke om at du skal v\u00e6re god til yoga<\/strong>.&nbsp; S\u00e5 selvom jeg selv har stramme haser og b\u00e5de en skulder og en hofte, der b\u00f8vler og dermed heller ikke kan komme ud i alle de f\u00e6rdige stillinger vi ofte ser p\u00e5 billeder, s\u00e5 elsker jeg yoga og d\u00e9t yoga g\u00f8r for b\u00e5de krop og sind \u2013 og jeg finder stor gl\u00e6de i at give yogaen videre.<\/p>\n\n\n\n<p class=\"has-black-color has-text-color has-medium-font-size\">Jeg videreuddanner mig l\u00f8bende, tager kurser, g\u00e5r selv til yoga hver uge og har en egenpraksis on and off.<\/p>\n\n\n\n<p class=\"has-black-color has-text-color has-medium-font-size\">Jeg er ogs\u00e5 cand.scient.soc et MA i Internationale Udviklingsstudier og teologi. Jeg arbejdede i mange \u00e5r som projektmedarbejder i en national kirkelig organisation med fokus p\u00e5 b\u00e6redygtighed, klima og milj\u00f8. Efter mange \u00e5rs arbejdsliv med fokus p\u00e5 at g\u00f8re verden til et bedre sted at v\u00e6re, arbejder jeg nu med at g\u00f8re kroppe et bedre sted at v\u00e6re.&nbsp;&nbsp;<\/p>\n\n\n\n<p class=\"has-text-align-center\">&#8212;<\/p>\n\n\n\n<p class=\"has-black-color has-text-color has-medium-font-size\"><strong>KONTAKT<\/strong><br>Har du sp\u00f8rgsm\u00e5l eller vil du tilmelde dig et hold, s\u00e5 kontakt mig.<br>Hanna Smidt<br>Email: hanna.smidt@gmail.com<br>Telefon: 3082 4663<\/p>\n","protected":false},"excerpt":{"rendered":"<p>Velkommen til yoga i Br\u00f8nsh\u00f8j, Bellah\u00f8j, R\u00f8dovre og N\u00f8rrebro. Jeg underviser i Hatha Yoga \u2013 yoga med fokus p\u00e5 de klassiske yogastillinger og \u00e5ndedr\u00e6ttet. Yogaprogrammerne er forskellige fra gang til gang og indeholder b\u00e5de dynamiske \u00f8velser og statiske stillinger, str\u00e6k og styrke. Jeg tilpasser min undervisning til dem, der er p\u00e5 holdene. Dvs. m\u00e5let er<br \/><a class=\"btn btn-tislider blog-readmore\" href=\"https:\/\/tidtilyoga.laol.dk\/\">Read More<\/a><\/p>\n","protected":false},"author":1,"featured_media":0,"parent":0,"menu_order":0,"comment_status":"closed","ping_status":"closed","template":"","meta":{"footnotes":""},"class_list":["post-7","page","type-page","status-publish","hentry"],"_links":{"self":[{"href":"https:\/\/tidtilyoga.laol.dk\/index.php?rest_route=\/wp\/v2\/pages\/7","targetHints":{"allow":["GET"]}}],"collection":[{"href":"https:\/\/tidtilyoga.laol.dk\/index.php?rest_route=\/wp\/v2\/pages"}],"about":[{"href":"https:\/\/tidtilyoga.laol.dk\/index.php?rest_route=\/wp\/v2\/types\/page"}],"author":[{"embeddable":true,"href":"https:\/\/tidtilyoga.laol.dk\/index.php?rest_route=\/wp\/v2\/users\/1"}],"replies":[{"embeddable":true,"href":"https:\/\/tidtilyoga.laol.dk\/index.php?rest_route=%2Fwp%2Fv2%2Fcomments&post=7"}],"version-history":[{"count":50,"href":"https:\/\/tidtilyoga.laol.dk\/index.php?rest_route=\/wp\/v2\/pages\/7\/revisions"}],"predecessor-version":[{"id":576,"href":"https:\/\/tidtilyoga.laol.dk\/index.php?rest_route=\/wp\/v2\/pages\/7\/revisions\/576"}],"wp:attachment":[{"href":"https:\/\/tidtilyoga.laol.dk\/index.php?rest_route=%2Fwp%2Fv2%2Fmedia&parent=7"}],"curies":[{"name":"wp","href":"https:\/\/api.w.org\/{rel}","templated":true}]}}