{"id":57,"date":"2021-05-31T10:07:51","date_gmt":"2021-05-31T10:07:51","guid":{"rendered":"https:\/\/tidtilyoga.laol.dk\/?page_id=57"},"modified":"2022-01-10T12:22:32","modified_gmt":"2022-01-10T12:22:32","slug":"kirkeyoga-i-bellahoej-kirke","status":"publish","type":"page","link":"https:\/\/tidtilyoga.laol.dk\/?page_id=57","title":{"rendered":"KirkeYoga"},"content":{"rendered":"\n<p class=\"has-black-color has-text-color has-medium-font-size\">KirkeYoga er yoga, som foreg\u00e5r i kirkens rum. Kirken udbyder hermed en kropslig praksis, som forbinder krop, sind og \u00e5nd og bliver dermed en kropslig b\u00f8nsform. Gennem fysiske \u00f8velser, klassiske yogastillinger, \u00e5ndedr\u00e6ts\u00f8velser og afsp\u00e6nding \u00f8ver vi os i at v\u00e6re fuldt tilstede i kirkerummet. Det kr\u00e6ver ingen foruds\u00e6tninger at deltage i KirkeYoga.<\/p>\n\n\n\n<p class=\"has-black-color has-text-color has-medium-font-size\"><strong><em>Uanset hvad du kommer med, er du velkommen.<br><\/em><\/strong><br>Jeg underviser i KirkeYoga i to kirker: <\/p>\n\n\n\n<p class=\"has-black-color has-text-color has-medium-font-size\"><strong>Brorsons Kirke, Rantzausgade 49, 2200 K\u00f8benhavn N<\/strong><\/p>\n\n\n\n<ul id=\"block-0a1d9516-4494-4433-b536-147cc8511048\" class=\"has-black-color has-text-color has-medium-font-size wp-block-list\"><li>Onsdag 8.30-9.30 &#8211; <em>gratis &#8211; <\/em> <em>ingen tilmelding. <a rel=\"noreferrer noopener\" href=\"https:\/\/www.brorsons.dk\/page\/2344\/kirkeyoga\" target=\"_blank\">L\u00e6s mere her<\/a><\/em><\/li><\/ul>\n\n\n\n<p class=\"has-black-color has-text-color has-medium-font-size\"><strong>Bellah\u00f8j Kirke, Frederikssundsvej 125A, 2700 Br\u00f8nsh\u00f8j<\/strong><\/p>\n\n\n\n<ul class=\"has-black-color has-text-color has-medium-font-size wp-block-list\"><li>Torsdag kl.\u00a08.30-9.30 &#8211;<em> 10 kr. pr gang<\/em>&#8211; <em>kr\u00e6ver tilmelding. <a rel=\"noreferrer noopener\" href=\"https:\/\/www.bellahoejkirke.dk\/KirkeYoga%20i%20Bellah%C3%B8j%20Kirke\" target=\"_blank\">L\u00e6s mere her<\/a><\/em><\/li><li>Torsdag kl. 10-11 &#8211; <em><em><em>10 kr. pr gang<\/em>&#8211;<\/em><\/em> <em>kr\u00e6ver tilmelding. <a rel=\"noreferrer noopener\" href=\"https:\/\/www.bellahoejkirke.dk\/KirkeYoga%20i%20Bellah%C3%B8j%20Kirke\" target=\"_blank\">L\u00e6s mere her<\/a><\/em><\/li><li>Fredag kl. 8.30-9.30<strong> <\/strong>&#8211; <em><em>10 kr. pr gang<\/em>&#8211; kr\u00e6ver tilmelding. <a rel=\"noreferrer noopener\" href=\"https:\/\/www.bellahoejkirke.dk\/KirkeYoga%20i%20Bellah%C3%B8j%20Kirke\" target=\"_blank\">L\u00e6s mere her<\/a><\/em><\/li><\/ul>\n\n\n\n<p class=\"has-black-color has-text-color has-medium-font-size\"><strong>Sp\u00f8rgsm\u00e5l:&nbsp;<\/strong>Skriv til mig p\u00e5 hanna.smidt@gmail.dk, for at h\u00f8re n\u00e6rmere <\/p>\n\n\n\n<p class=\"has-black-color has-text-color has-medium-font-size\"><a href=\"https:\/\/tidtilyoga.laol.dk\/?page_id=389\" data-type=\"page\" data-id=\"389\"><a href=\"https:\/\/tidtilyoga.laol.dk\/?page_id=389\"><strong><em>Se her for andre hold<\/em><\/strong><\/a><\/a><\/p>\n","protected":false},"excerpt":{"rendered":"<p>KirkeYoga er yoga, som foreg\u00e5r i kirkens rum. Kirken udbyder hermed en kropslig praksis, som forbinder krop, sind og \u00e5nd og bliver dermed en kropslig b\u00f8nsform. Gennem fysiske \u00f8velser, klassiske yogastillinger, \u00e5ndedr\u00e6ts\u00f8velser og afsp\u00e6nding \u00f8ver vi os i at v\u00e6re fuldt tilstede i kirkerummet. Det kr\u00e6ver ingen foruds\u00e6tninger at deltage i KirkeYoga. Uanset hvad du<br \/><a class=\"btn btn-tislider blog-readmore\" href=\"https:\/\/tidtilyoga.laol.dk\/?page_id=57\">Read More<\/a><\/p>\n","protected":false},"author":1,"featured_media":39,"parent":0,"menu_order":0,"comment_status":"closed","ping_status":"closed","template":"","meta":{"footnotes":""},"class_list":["post-57","page","type-page","status-publish","has-post-thumbnail","hentry"],"_links":{"self":[{"href":"https:\/\/tidtilyoga.laol.dk\/index.php?rest_route=\/wp\/v2\/pages\/57","targetHints":{"allow":["GET"]}}],"collection":[{"href":"https:\/\/tidtilyoga.laol.dk\/index.php?rest_route=\/wp\/v2\/pages"}],"about":[{"href":"https:\/\/tidtilyoga.laol.dk\/index.php?rest_route=\/wp\/v2\/types\/page"}],"author":[{"embeddable":true,"href":"https:\/\/tidtilyoga.laol.dk\/index.php?rest_route=\/wp\/v2\/users\/1"}],"replies":[{"embeddable":true,"href":"https:\/\/tidtilyoga.laol.dk\/index.php?rest_route=%2Fwp%2Fv2%2Fcomments&post=57"}],"version-history":[{"count":12,"href":"https:\/\/tidtilyoga.laol.dk\/index.php?rest_route=\/wp\/v2\/pages\/57\/revisions"}],"predecessor-version":[{"id":542,"href":"https:\/\/tidtilyoga.laol.dk\/index.php?rest_route=\/wp\/v2\/pages\/57\/revisions\/542"}],"wp:featuredmedia":[{"embeddable":true,"href":"https:\/\/tidtilyoga.laol.dk\/index.php?rest_route=\/wp\/v2\/media\/39"}],"wp:attachment":[{"href":"https:\/\/tidtilyoga.laol.dk\/index.php?rest_route=%2Fwp%2Fv2%2Fmedia&parent=57"}],"curies":[{"name":"wp","href":"https:\/\/api.w.org\/{rel}","templated":true}]}}