{"id":393,"date":"2017-05-16T11:03:06","date_gmt":"2017-05-16T11:03:06","guid":{"rendered":"http:\/\/localhost\/themes\/upsurge\/?page_id=61"},"modified":"2025-12-04T11:51:28","modified_gmt":"2025-12-04T11:51:28","slug":"kontakt","status":"publish","type":"page","link":"https:\/\/tidtilyoga.laol.dk\/?page_id=393","title":{"rendered":"Kontakt"},"content":{"rendered":"\n<p class=\"has-black-color has-text-color has-medium-font-size\">Har du sp\u00f8rgsm\u00e5l eller vil du tilmelde dig et hold, s\u00e5 kontakt mig.<br>Email: hanna.smidt@gmail.com<br>Telefon: 3082 4663<\/p>\n\n\n<div class=\"wp-block-image is-style-default\">\n<figure class=\"aligncenter size-medium\"><img loading=\"lazy\" decoding=\"async\" width=\"300\" height=\"167\" src=\"https:\/\/tidtilyoga.laol.dk\/wp-content\/uploads\/2018\/06\/Hanna_foto_besk-300x167.jpg\" alt=\"\" class=\"wp-image-327\" srcset=\"https:\/\/tidtilyoga.laol.dk\/wp-content\/uploads\/2018\/06\/Hanna_foto_besk-300x167.jpg 300w, https:\/\/tidtilyoga.laol.dk\/wp-content\/uploads\/2018\/06\/Hanna_foto_besk-1024x571.jpg 1024w, https:\/\/tidtilyoga.laol.dk\/wp-content\/uploads\/2018\/06\/Hanna_foto_besk-768x428.jpg 768w, https:\/\/tidtilyoga.laol.dk\/wp-content\/uploads\/2018\/06\/Hanna_foto_besk-1536x857.jpg 1536w, https:\/\/tidtilyoga.laol.dk\/wp-content\/uploads\/2018\/06\/Hanna_foto_besk.jpg 2026w\" sizes=\"auto, (max-width: 300px) 100vw, 300px\" \/><\/figure>\n<\/div>\n\n\n<p class=\"has-text-align-center has-black-color has-text-color has-large-font-size\"><strong>Om mig<\/strong>&nbsp;<\/p>\n\n\n\n<p class=\"has-black-color has-text-color has-medium-font-size\">Jeg er uddannet yogal\u00e6rer i 2018 ved&nbsp;<a href=\"https:\/\/www.dansk-yoga.dk\/\">Dansk Yoga<\/a>&nbsp;og har undervist lige siden. Uddannelsen er en af de mest grundige i Danmark \u2013 det er en 2-\u00e5rig uddannelse med over 850 timers undervisning og fokus p\u00e5 yoga, anatomi og \u00e5ndedr\u00e6ttet. Jeg er uddannet til at tage hensyn til de skavanker, der kan v\u00e6re i vores kroppe, s\u00e5dan at yogaen bliver god for dig.<\/p>\n\n\n\n<p class=\"has-black-color has-text-color has-medium-font-size\">Det er nemlig d\u00e9t, det hele handler om: at lade yogaen v\u00e6re god for dig, og ikke om at du skal v\u00e6re god til yoga.&nbsp; S\u00e5 selvom jeg selv har stramme l\u00e6gge og b\u00e5de en skulder og en hofte, der b\u00f8vler og dermed heller ikke kan komme ud i alle de f\u00e6rdige stillinger vi ofte ser p\u00e5 billeder, s\u00e5 elsker jeg yoga og d\u00e9t yoga g\u00f8r for b\u00e5de krop og sind \u2013 og jeg finder stor gl\u00e6de i at give yogaen videre. <\/p>\n\n\n\n<p class=\"has-black-color has-text-color has-medium-font-size\">Jeg videreuddanner mig l\u00f8bende, tager kurser, g\u00e5r selv til yoga og har en relativ fast egenpraksis.<\/p>\n\n\n\n<p class=\"has-black-color has-text-color has-medium-font-size\">Jeg er ogs\u00e5 cand.scient.soc et M.A . i Internationale Udviklingsstudier og teologi. Jeg arbejdede i mange \u00e5r som projektmedarbejder i en national kirkelig organisation med fokus p\u00e5 b\u00e6redygtighed, klima og milj\u00f8. Efter mange \u00e5r med et arbejdsliv med fokus p\u00e5 at g\u00f8re verden til et bedre sted, arbejder jeg nu med at g\u00f8re kroppe et bedre sted at v\u00e6re.\u00a0\u00a0\ud83d\ude42<\/p>\n\n\n\n<p class=\"has-black-color has-text-color has-medium-font-size\"><\/p>\n\n\n\n<h1 class=\"wp-block-heading\">&nbsp;<\/h1>\n","protected":false},"excerpt":{"rendered":"<p>Har du sp\u00f8rgsm\u00e5l eller vil du tilmelde dig et hold, s\u00e5 kontakt mig.Email: hanna.smidt@gmail.comTelefon: 3082 4663 Om mig&nbsp; Jeg er uddannet yogal\u00e6rer i 2018 ved&nbsp;Dansk Yoga&nbsp;og har undervist lige siden. Uddannelsen er en af de mest grundige i Danmark \u2013 det er en 2-\u00e5rig uddannelse med over 850 timers undervisning og fokus p\u00e5 yoga, anatomi<br \/><a class=\"btn btn-tislider blog-readmore\" href=\"https:\/\/tidtilyoga.laol.dk\/?page_id=393\">Read More<\/a><\/p>\n","protected":false},"author":1,"featured_media":0,"parent":0,"menu_order":0,"comment_status":"closed","ping_status":"closed","template":"page-templates\/contact-page.php","meta":{"footnotes":""},"class_list":["post-393","page","type-page","status-publish","hentry"],"_links":{"self":[{"href":"https:\/\/tidtilyoga.laol.dk\/index.php?rest_route=\/wp\/v2\/pages\/393","targetHints":{"allow":["GET"]}}],"collection":[{"href":"https:\/\/tidtilyoga.laol.dk\/index.php?rest_route=\/wp\/v2\/pages"}],"about":[{"href":"https:\/\/tidtilyoga.laol.dk\/index.php?rest_route=\/wp\/v2\/types\/page"}],"author":[{"embeddable":true,"href":"https:\/\/tidtilyoga.laol.dk\/index.php?rest_route=\/wp\/v2\/users\/1"}],"replies":[{"embeddable":true,"href":"https:\/\/tidtilyoga.laol.dk\/index.php?rest_route=%2Fwp%2Fv2%2Fcomments&post=393"}],"version-history":[{"count":7,"href":"https:\/\/tidtilyoga.laol.dk\/index.php?rest_route=\/wp\/v2\/pages\/393\/revisions"}],"predecessor-version":[{"id":579,"href":"https:\/\/tidtilyoga.laol.dk\/index.php?rest_route=\/wp\/v2\/pages\/393\/revisions\/579"}],"wp:attachment":[{"href":"https:\/\/tidtilyoga.laol.dk\/index.php?rest_route=%2Fwp%2Fv2%2Fmedia&parent=393"}],"curies":[{"name":"wp","href":"https:\/\/api.w.org\/{rel}","templated":true}]}}