{"id":2,"date":"2021-05-14T11:12:56","date_gmt":"2021-05-14T11:12:56","guid":{"rendered":"https:\/\/tidtilyoga.dk\/?page_id=2"},"modified":"2025-12-04T11:48:56","modified_gmt":"2025-12-04T11:48:56","slug":"sample-page","status":"publish","type":"page","link":"https:\/\/tidtilyoga.laol.dk\/?page_id=2","title":{"rendered":"Yoga i Br\u00f8nsh\u00f8j"},"content":{"rendered":"\n<p class=\"has-black-color has-text-color has-medium-font-size\"><strong>Yoga i Br\u00f8nsh\u00f8j <\/strong><\/p>\n\n\n\n<p class=\"has-black-color has-text-color has-medium-font-size\">Velkommen til yoga, hvor vi arbejder med klassiske yoga\u00f8velser og \u2013 stillinger, samt \u00e5ndedr\u00e6ts\u00f8velser. Holdene er relativt sm\u00e5 i et dejligt lyst lokale med alt udstyr og er b\u00e5de for begyndere og \u00f8vede. Vi m\u00f8des i Fit &amp; Sunds lokale p\u00e5 Kobbelv\u00e6nget 47, 2700 Br\u00f8nsh\u00f8j.<\/p>\n\n\n\n<p class=\"has-black-color has-text-color has-medium-font-size\"><strong>Mandag kl. 17-18.30: Yoga for kvinder<\/strong><\/p>\n\n\n\n<p class=\"has-black-color has-text-color has-medium-font-size\"><strong>Mandag kl. 19-20.30: Yoga for m\u00e6nd<\/strong><\/p>\n\n\n\n<p class=\"has-black-color has-text-color has-medium-font-size\">Kan man ikke v\u00e6re med fysisk, er der mulighed for at v\u00e6re med live over Zoom. Tilmeldte modtager en optagelse af ugens programmet hver tirsdag. <\/p>\n\n\n\n<p class=\"has-black-color has-text-color has-medium-font-size\"><strong>Pris:<\/strong>\u00a0130 kr pr gang. Man tilmelder sig for en s\u00e6son. Der er yoga hver mandag undtaget i skolernes ferier. S\u00e6sonerne er januar-juni og august-december. <em>Kontakt mig gerne for en gratis pr\u00f8vetime.<\/em><\/p>\n\n\n\n<p class=\"has-black-color has-text-color has-medium-font-size\"><strong>Tilmelding:&nbsp;<\/strong>Skriv til hanna.smidt@gmail.com eller ring 30824663 for at h\u00f8re til ledige pladser og\/eller at komme p\u00e5 venteliste.<\/p>\n\n\n\n<p class=\"has-black-color has-text-color has-medium-font-size\"><a href=\"https:\/\/tidtilyoga.dk\/?page_id=389\"><strong><em>Se her for andre hold<\/em><\/strong><\/a><\/p>\n","protected":false},"excerpt":{"rendered":"<p>Yoga i Br\u00f8nsh\u00f8j Velkommen til yoga, hvor vi arbejder med klassiske yoga\u00f8velser og \u2013 stillinger, samt \u00e5ndedr\u00e6ts\u00f8velser. Holdene er relativt sm\u00e5 i et dejligt lyst lokale med alt udstyr og er b\u00e5de for begyndere og \u00f8vede. Vi m\u00f8des i Fit &amp; Sunds lokale p\u00e5 Kobbelv\u00e6nget 47, 2700 Br\u00f8nsh\u00f8j. Mandag kl. 17-18.30: Yoga for kvinder Mandag<br \/><a class=\"btn btn-tislider blog-readmore\" href=\"https:\/\/tidtilyoga.laol.dk\/?page_id=2\">Read More<\/a><\/p>\n","protected":false},"author":1,"featured_media":0,"parent":0,"menu_order":0,"comment_status":"closed","ping_status":"open","template":"templates\/fullwidth.php","meta":{"footnotes":""},"class_list":["post-2","page","type-page","status-publish","hentry"],"_links":{"self":[{"href":"https:\/\/tidtilyoga.laol.dk\/index.php?rest_route=\/wp\/v2\/pages\/2","targetHints":{"allow":["GET"]}}],"collection":[{"href":"https:\/\/tidtilyoga.laol.dk\/index.php?rest_route=\/wp\/v2\/pages"}],"about":[{"href":"https:\/\/tidtilyoga.laol.dk\/index.php?rest_route=\/wp\/v2\/types\/page"}],"author":[{"embeddable":true,"href":"https:\/\/tidtilyoga.laol.dk\/index.php?rest_route=\/wp\/v2\/users\/1"}],"replies":[{"embeddable":true,"href":"https:\/\/tidtilyoga.laol.dk\/index.php?rest_route=%2Fwp%2Fv2%2Fcomments&post=2"}],"version-history":[{"count":13,"href":"https:\/\/tidtilyoga.laol.dk\/index.php?rest_route=\/wp\/v2\/pages\/2\/revisions"}],"predecessor-version":[{"id":578,"href":"https:\/\/tidtilyoga.laol.dk\/index.php?rest_route=\/wp\/v2\/pages\/2\/revisions\/578"}],"wp:attachment":[{"href":"https:\/\/tidtilyoga.laol.dk\/index.php?rest_route=%2Fwp%2Fv2%2Fmedia&parent=2"}],"curies":[{"name":"wp","href":"https:\/\/api.w.org\/{rel}","templated":true}]}}